{"id":47,"date":"2025-10-13T22:14:10","date_gmt":"2025-10-13T20:14:10","guid":{"rendered":"https:\/\/rusinowicz.studio\/?page_id=47"},"modified":"2025-10-18T12:11:31","modified_gmt":"2025-10-18T10:11:31","slug":"studio-16","status":"publish","type":"page","link":"https:\/\/rusinowicz.studio\/index.php\/studio-16\/","title":{"rendered":"STUDIO 16"},"content":{"rendered":"<div  data-label=\"Content\" data-id=\"content-image-right\" data-category=\"content\" class=\"content-right-image-section content-image-right\" id=\"content-4\" style=\"background-color: rgb(255, 255, 255);\"> <div  class=\"gridContainer\"> <div  class=\"content-right-image-gridcol\"> <div  class=\"content-right-image-textcol dynamic-color\" data-type=\"column\"> <h2  class=\"\"><span  style=\"font-family: La Belle Aurore, arial, helvetica, sans-serif;\"><span  style=\"font-family: Source Sans Pro, arial, helvetica, sans-serif; font-weight: 600;\">W<\/span>&nbsp;<span  id=\"_mce_caret\" data-mce-bogus=\"1\" data-mce-type=\"format-caret\"><span  style=\"font-family: Aclonica, arial, helvetica, sans-serif;\">\ufeffSTUDIO 16<\/span><\/span> <span  style=\"font-family: Source Sans Pro, arial, helvetica, sans-serif; font-weight: 600;\">wszystko zaczyna si\u0119 od gliny<\/span><\/span><span  style=\"font-family: Source Sans Pro, arial, helvetica, sans-serif; font-weight: 600;\">\u2026<\/span><\/h2>   <\/div> <div  class=\"content-right-image-imgcol\" data-type=\"column\"> <img  decoding=\"async\" src=\"http:\/\/rusinowicz.studio\/wp-content\/uploads\/2025\/10\/biale-sciany-kaszmirowa-ceramika-wazony-misy-jedna-galazka-w-jednym-wazonie-narzedzi-7.jpeg\" class=\"\" alt=\"\"> <\/div> <\/div> <\/div> <\/div><div  data-label=\"Features\" data-id=\"features-square-image-section\" data-category=\"features\" class=\"features-square-image-section\" id=\"features-7\" style=\"background-color: rgb(255, 255, 255);\"> <div  class=\"gridContainer dynamic-color\"> <div  class=\"features-square-image-textrow\"> <div  class=\"features-square-image-textcol\" data-type=\"column\"> <h2  class=\"\"><span  style=\"font-weight: 600;\">Jak powstaje ceramika?<\/span><br ><span  style=\"font-weight: 600;\">Od gliny do gotowego naczynia-krok po kroku<\/span><\/h2> <p  class=\"\"><span  style=\"font-weight: 500; color: rgb(61, 61, 61);\">Tworzenie ceramiki to fascynuj\u0105cy proces, kt\u00f3ry \u0142\u0105czy w sobie tw\u00f3rcz\u0105 ekspresj\u0119, cierpliwo\u015b\u0107 i kontakt z natur\u0105. Poni\u017cej opisane s\u0105 wszystkie etapy powstawania ceramicznego przedmiotu \u2013 tak, jak wygl\u0105da to na warsztatach.<\/span><\/p> <\/div> <\/div> <div  class=\"features-square-image-innerrow\" data-type=\"row\"> <div  class=\"features-square-image-featcol cp4cols cp6cols-tablet\"><img  decoding=\"async\" class=\"features-square-image-featimg\" src=\"http:\/\/rusinowicz.studio\/wp-content\/uploads\/2025\/10\/hand-built-pottery-jpeg.webp\" alt=\"\">  <p  class=\"\"><span  style=\"font-weight: 700; color: rgb(61, 61, 61);\">1<\/span><span  style=\"font-weight: 500; color: rgb(61, 61, 61);\"><span  style=\"font-weight: 700;\">. Wyb\u00f3r i przygotowanie gliny\n<br >&nbsp;<\/span><\/span><span  style=\"font-weight: 500; color: rgb(61, 61, 61);\">Proces zaczyna si\u0119 od wybrania odpowiedniego rodzaju gliny. Glin\u0119 trzeba dobrze przygotowa\u0107, wyrobi\u0107 j\u0105 r\u0119cznie, aby by\u0142a elastyczna, pozbawiona p\u0119cherzyk\u00f3w powietrza i r\u00f3wnomiernie wilgotna. Dzi\u0119ki temu \u0142atwiej b\u0119dzie j\u0105 formowa\u0107, a gotowy produkt nie pop\u0119ka w trakcie wypa\u0142u.&nbsp;<\/span><\/p>  <\/div> <div  class=\"features-square-image-featcol cp4cols cp6cols-tablet\"><img  decoding=\"async\" class=\"features-square-image-featimg\" src=\"http:\/\/rusinowicz.studio\/wp-content\/uploads\/2025\/10\/9cc293783145f6566cf7153322db71cf-1.jpg\" alt=\"\">  <p  class=\"\"><span  style=\"font-weight: 700; color: rgb(61, 61, 61);\">2. Formowanie kszta\u0142tu<\/span><br ><span  style=\"font-weight: 500; color: rgb(61, 61, 61);\">\nTo najbardziej kreatywny moment \u2013 tworzenie formy z gliny. Istnieje kilka technik:<\/span><span  style=\"font-weight: 500; color: rgb(61, 61, 61);\">&nbsp;lepienie r\u0119czne np. z wa\u0142eczk\u00f3w, kul, p\u0142at\u00f3w gliny.<\/span><br ><span  style=\"font-weight: 500; color: rgb(61, 61, 61);\">\nNa tym etapie przedmiot zyskuje sw\u00f3j ostateczny kszta\u0142t, cho\u0107 nadal jest mi\u0119kki i podatny na odkszta\u0142cenia.<\/span><\/p> <\/div> <div  class=\"features-square-image-featcol cp4cols cp6cols-tablet\"><img  decoding=\"async\" class=\"features-square-image-featimg\" src=\"http:\/\/rusinowicz.studio\/wp-content\/uploads\/2025\/10\/the-stages-of-firing-clay.jpg\" alt=\"\">  <p  class=\"\"><span  style=\"font-weight: 700; color: rgb(61, 61, 61);\">&nbsp;3. Suszenie i pierwszy wypa\u0142 na biskwit<\/span><br ><span  style=\"font-weight: 500; color: rgb(61, 61, 61);\">\nUformowan\u0105 prac\u0119 pozostawiamy do ca\u0142kowitego wyschni\u0119cia. To bardzo wa\u017cny etap, zbyt szybkie lub nier\u00f3wnomierne schni\u0119cie mo\u017ce prowadzi\u0107 do p\u0119kni\u0119\u0107. \n<br >Gliniana forma musi by\u0107 sucha, zanim trafi do pieca<\/span><span  style=\"font-weight: 500; color: rgb(61, 61, 61);\">&nbsp;ceramicznego na tzw. biskwit, pierwszy wypa\u0142 w temperaturze ok. 900-950\u00b0C. Dzi\u0119ki temu staje si\u0119 twardsza, porowata i gotowa do szkliwienia. Biskwit przypomina nieco bardzo tward\u0105 kred\u0119, jest kruchy, ale ju\u017c wst\u0119pnie trwa\u0142y.<\/span><\/p><a  href=\"#\" class=\"\"><i  data-cp-fa=\"true\" class=\"font-icon-22 fa fa-arrow-circle-right\"><\/i>&nbsp;learn more<\/a> <\/div> <div  class=\"features-square-image-featcol cp4cols cp6cols-tablet\"><img  decoding=\"async\" class=\"features-square-image-featimg\" src=\"http:\/\/rusinowicz.studio\/wp-content\/uploads\/2025\/10\/08-mcinally-darker-tone-blue-application.jpg\" alt=\"\">  <p  class=\"\"><span  style=\"font-weight: 700; color: rgb(61, 61, 61);\">4. Szkliwienie<\/span><br ><span  style=\"font-weight: 500; color: rgb(61, 61, 61);\">\nNa biskwit nak\u0142adamy szkliwo ceramiczne, mo\u017ce by\u0107 przezroczyste, matowe, b\u0142yszcz\u0105ce lub kolorowe. Szkliwo to specjalna mieszanina, kt\u00f3ra po wypaleniu tworzy na powierzchni szklist\u0105, g\u0142adk\u0105 pow\u0142ok\u0119. Prace mo\u017cna zanurza\u0107 w szkliwie, polewa\u0107 je lub malowa\u0107 p\u0119dzlem.<\/span><\/p> <a  href=\"#\" class=\"\"><i  data-cp-fa=\"true\" class=\"font-icon-22 fa fa-arrow-circle-right\"><\/i>&nbsp;learn more<\/a> <\/div><div  class=\"features-square-image-featcol cp4cols cp6cols-tablet\"><img  decoding=\"async\" class=\"features-square-image-featimg\" src=\"http:\/\/rusinowicz.studio\/wp-content\/uploads\/2025\/10\/2FA29183-72AA-4F6A-943E-10B727B1878F.jpeg\" alt=\"\">  <p  class=\"\"><span  style=\"font-weight: 700; color: rgb(61, 61, 61);\">5. Drugi wypa\u0142&nbsp;<\/span><br ><span  style=\"font-weight: 500; color: rgb(61, 61, 61);\">\nSzkliwiona ceramika trafia do pieca po raz drugi, tym razem na wy\u017csz\u0105 temperatur\u0119, zwykle ok. 1000-1250\u00b0C, w zale\u017cno\u015bci od rodzaju gliny i szkliwa. W trakcie tego wypa\u0142u szkliwo si\u0119 topi, tworz\u0105c trwa\u0142\u0105, estetyczn\u0105 pow\u0142ok\u0119, a glina osi\u0105ga swoj\u0105 ko\u0144cow\u0105 twardo\u015b\u0107.<\/span><\/p>  <\/div><div  class=\"features-square-image-featcol cp4cols cp6cols-tablet\"><img  decoding=\"async\" class=\"features-square-image-featimg\" src=\"http:\/\/rusinowicz.studio\/wp-content\/uploads\/2025\/10\/il_fullxfull.6304950526_khr8-1-scaled.jpg\" alt=\"\">  <p  class=\"\"><span  style=\"font-weight: 500; color: rgb(61, 61, 61);\">&nbsp;<span  style=\"font-weight: 700;\">6. Gotowa ceramika<\/span><\/span><br ><span  style=\"font-weight: 500; color: rgb(61, 61, 61);\">\nPo ostygni\u0119ciu pieca mo\u017cna wyj\u0105\u0107 gotowy produkt. Jest to chwila pe\u0142na emocji, kolory szkliw cz\u0119sto zaskakuj\u0105, a ka\u017cdy przedmiot jest unikatowy. Tak powstaje ceramika: u\u017cytkowa, dekoracyjna, a czasem po prostu artystyczna.<\/span><\/p>  <\/div><div  class=\"features-square-image-featcol cp4cols cp6cols-tablet\"><p  class=\"\"><span  style=\"font-weight: 500; color: rgb(61, 61, 61);\"><span  id=\"_mce_caret\" data-mce-bogus=\"1\" data-mce-type=\"format-caret\"><span  style=\"font-weight: 700;\">Podsumowanie&nbsp;<\/span><\/span>W dzisiejszym szybkim \u015bwiecie ceramiczne warsztaty ucz\u0105 cierpliwo\u015bci, skupienia i kontaktu z materi\u0105. To nie jest szybki \u201egotowiec\u201d &#8211; to proces tw\u00f3rczy, w kt\u00f3rym ka\u017cdy etap ma znaczenie. Zrozumienie tego procesu daje jeszcze wi\u0119ksz\u0105 satysfakcj\u0119 z w\u0142asnor\u0119cznie stworzonego przedmiotu.<\/span><\/p><img  decoding=\"async\" class=\"features-square-image-featimg\" src=\"http:\/\/rusinowicz.studio\/wp-content\/uploads\/2025\/10\/Biale-sciany-Kaszmirowa-ceramika-miski-wazony-galazka-miskanta-chinskiego-w-jednym-wazonie-promienie-swiatla.jpeg\" alt=\"\">    <\/div><div  class=\"features-square-image-featcol cp4cols cp6cols-tablet\">    <\/div><div  class=\"features-square-image-featcol cp4cols cp6cols-tablet\">    <\/div><\/div> <\/div><\/div>","protected":false},"excerpt":{"rendered":"<p>W&nbsp;\ufeffSTUDIO 16 wszystko zaczyna si\u0119 od gliny\u2026 Jak powstaje ceramika?Od gliny do gotowego naczynia-krok po kroku Tworzenie ceramiki to fascynuj\u0105cy proces, kt\u00f3ry \u0142\u0105czy w sobie tw\u00f3rcz\u0105 ekspresj\u0119, cierpliwo\u015b\u0107 i kontakt z natur\u0105. Poni\u017cej opisane s\u0105 wszystkie etapy powstawania ceramicznego przedmiotu \u2013 tak, jak wygl\u0105da to na warsztatach. 1. Wyb\u00f3r i przygotowanie gliny &nbsp;Proces zaczyna si\u0119&hellip; <br \/> <a class=\"button small blue\" href=\"https:\/\/rusinowicz.studio\/index.php\/2025\/04\/22\/witaj-swiecie\/\">Dowiedz si\u0119 wi\u0119cej<\/a><\/p>\n","protected":false},"author":1,"featured_media":0,"parent":0,"menu_order":0,"comment_status":"closed","ping_status":"closed","template":"full-width-page.php","meta":{"footnotes":""},"class_list":["post-47","page","type-page","status-publish","hentry"],"yoast_head":"<!-- This site is optimized with the Yoast SEO plugin v26.1.1 - https:\/\/yoast.com\/wordpress\/plugins\/seo\/ -->\n<title>STUDIO 16 - Rusinowicz Studio<\/title>\n<meta name=\"description\" content=\"Zaj\u0119cia ceramiczne Stargard, warsztaty z glin\u0105. Zaj\u0119cia ceramiczne dla dzieci. Warsztaty ceramiczne dla dzieci i doros\u0142ych.\" \/>\n<meta name=\"robots\" content=\"index, follow, max-snippet:-1, max-image-preview:large, max-video-preview:-1\" \/>\n<link rel=\"canonical\" href=\"https:\/\/rusinowicz.studio\/index.php\/studio-16\/\" \/>\n<meta property=\"og:locale\" content=\"pl_PL\" \/>\n<meta property=\"og:type\" content=\"article\" \/>\n<meta property=\"og:title\" content=\"STUDIO 16 - Rusinowicz Studio\" \/>\n<meta property=\"og:description\" content=\"Zaj\u0119cia ceramiczne Stargard, warsztaty z glin\u0105. Zaj\u0119cia ceramiczne dla dzieci. Warsztaty ceramiczne dla dzieci i doros\u0142ych.\" \/>\n<meta property=\"og:url\" content=\"https:\/\/rusinowicz.studio\/index.php\/studio-16\/\" \/>\n<meta property=\"og:site_name\" content=\"Rusinowicz Studio\" \/>\n<meta property=\"article:modified_time\" content=\"2025-10-18T10:11:31+00:00\" \/>\n<meta property=\"og:image\" content=\"http:\/\/rusinowicz.studio\/wp-content\/uploads\/2025\/10\/biale-sciany-kaszmirowa-ceramika-wazony-misy-jedna-galazka-w-jednym-wazonie-narzedzi-7.jpeg\" \/>\n<meta name=\"twitter:card\" content=\"summary_large_image\" \/>\n<meta name=\"twitter:label1\" content=\"Szacowany czas czytania\" \/>\n\t<meta name=\"twitter:data1\" content=\"4 minuty\" \/>\n<script type=\"application\/ld+json\" class=\"yoast-schema-graph\">{\"@context\":\"https:\/\/schema.org\",\"@graph\":[{\"@type\":\"WebPage\",\"@id\":\"https:\/\/rusinowicz.studio\/index.php\/studio-16\/\",\"url\":\"https:\/\/rusinowicz.studio\/index.php\/studio-16\/\",\"name\":\"STUDIO 16 - Rusinowicz Studio\",\"isPartOf\":{\"@id\":\"https:\/\/rusinowicz.studio\/#website\"},\"primaryImageOfPage\":{\"@id\":\"https:\/\/rusinowicz.studio\/index.php\/studio-16\/#primaryimage\"},\"image\":{\"@id\":\"https:\/\/rusinowicz.studio\/index.php\/studio-16\/#primaryimage\"},\"thumbnailUrl\":\"http:\/\/rusinowicz.studio\/wp-content\/uploads\/2025\/10\/biale-sciany-kaszmirowa-ceramika-wazony-misy-jedna-galazka-w-jednym-wazonie-narzedzi-7.jpeg\",\"datePublished\":\"2025-10-13T20:14:10+00:00\",\"dateModified\":\"2025-10-18T10:11:31+00:00\",\"description\":\"Zaj\u0119cia ceramiczne Stargard, warsztaty z glin\u0105. Zaj\u0119cia ceramiczne dla dzieci. Warsztaty ceramiczne dla dzieci i doros\u0142ych.\",\"breadcrumb\":{\"@id\":\"https:\/\/rusinowicz.studio\/index.php\/studio-16\/#breadcrumb\"},\"inLanguage\":\"pl-PL\",\"potentialAction\":[{\"@type\":\"ReadAction\",\"target\":[\"https:\/\/rusinowicz.studio\/index.php\/studio-16\/\"]}]},{\"@type\":\"ImageObject\",\"inLanguage\":\"pl-PL\",\"@id\":\"https:\/\/rusinowicz.studio\/index.php\/studio-16\/#primaryimage\",\"url\":\"http:\/\/rusinowicz.studio\/wp-content\/uploads\/2025\/10\/biale-sciany-kaszmirowa-ceramika-wazony-misy-jedna-galazka-w-jednym-wazonie-narzedzi-7.jpeg\",\"contentUrl\":\"http:\/\/rusinowicz.studio\/wp-content\/uploads\/2025\/10\/biale-sciany-kaszmirowa-ceramika-wazony-misy-jedna-galazka-w-jednym-wazonie-narzedzi-7.jpeg\"},{\"@type\":\"BreadcrumbList\",\"@id\":\"https:\/\/rusinowicz.studio\/index.php\/studio-16\/#breadcrumb\",\"itemListElement\":[{\"@type\":\"ListItem\",\"position\":1,\"name\":\"Strona g\u0142\u00f3wna\",\"item\":\"https:\/\/rusinowicz.studio\/\"},{\"@type\":\"ListItem\",\"position\":2,\"name\":\"STUDIO 16\"}]},{\"@type\":\"WebSite\",\"@id\":\"https:\/\/rusinowicz.studio\/#website\",\"url\":\"https:\/\/rusinowicz.studio\/\",\"name\":\"Rusinowicz Studio\",\"description\":\"Pracownia Artystyczna\",\"publisher\":{\"@id\":\"https:\/\/rusinowicz.studio\/#organization\"},\"potentialAction\":[{\"@type\":\"SearchAction\",\"target\":{\"@type\":\"EntryPoint\",\"urlTemplate\":\"https:\/\/rusinowicz.studio\/?s={search_term_string}\"},\"query-input\":{\"@type\":\"PropertyValueSpecification\",\"valueRequired\":true,\"valueName\":\"search_term_string\"}}],\"inLanguage\":\"pl-PL\"},{\"@type\":\"Organization\",\"@id\":\"https:\/\/rusinowicz.studio\/#organization\",\"name\":\"Rusinowicz Studio\",\"url\":\"https:\/\/rusinowicz.studio\/\",\"logo\":{\"@type\":\"ImageObject\",\"inLanguage\":\"pl-PL\",\"@id\":\"https:\/\/rusinowicz.studio\/#\/schema\/logo\/image\/\",\"url\":\"https:\/\/rusinowicz.studio\/wp-content\/uploads\/2025\/10\/cropped-inline.jpg\",\"contentUrl\":\"https:\/\/rusinowicz.studio\/wp-content\/uploads\/2025\/10\/cropped-inline.jpg\",\"width\":240,\"height\":122,\"caption\":\"Rusinowicz Studio\"},\"image\":{\"@id\":\"https:\/\/rusinowicz.studio\/#\/schema\/logo\/image\/\"}}]}<\/script>\n<!-- \/ Yoast SEO plugin. -->","yoast_head_json":{"title":"STUDIO 16 - Rusinowicz Studio","description":"Zaj\u0119cia ceramiczne Stargard, warsztaty z glin\u0105. Zaj\u0119cia ceramiczne dla dzieci. Warsztaty ceramiczne dla dzieci i doros\u0142ych.","robots":{"index":"index","follow":"follow","max-snippet":"max-snippet:-1","max-image-preview":"max-image-preview:large","max-video-preview":"max-video-preview:-1"},"canonical":"https:\/\/rusinowicz.studio\/index.php\/studio-16\/","og_locale":"pl_PL","og_type":"article","og_title":"STUDIO 16 - Rusinowicz Studio","og_description":"Zaj\u0119cia ceramiczne Stargard, warsztaty z glin\u0105. Zaj\u0119cia ceramiczne dla dzieci. Warsztaty ceramiczne dla dzieci i doros\u0142ych.","og_url":"https:\/\/rusinowicz.studio\/index.php\/studio-16\/","og_site_name":"Rusinowicz Studio","article_modified_time":"2025-10-18T10:11:31+00:00","og_image":[{"url":"http:\/\/rusinowicz.studio\/wp-content\/uploads\/2025\/10\/biale-sciany-kaszmirowa-ceramika-wazony-misy-jedna-galazka-w-jednym-wazonie-narzedzi-7.jpeg","type":"","width":"","height":""}],"twitter_card":"summary_large_image","twitter_misc":{"Szacowany czas czytania":"4 minuty"},"schema":{"@context":"https:\/\/schema.org","@graph":[{"@type":"WebPage","@id":"https:\/\/rusinowicz.studio\/index.php\/studio-16\/","url":"https:\/\/rusinowicz.studio\/index.php\/studio-16\/","name":"STUDIO 16 - Rusinowicz Studio","isPartOf":{"@id":"https:\/\/rusinowicz.studio\/#website"},"primaryImageOfPage":{"@id":"https:\/\/rusinowicz.studio\/index.php\/studio-16\/#primaryimage"},"image":{"@id":"https:\/\/rusinowicz.studio\/index.php\/studio-16\/#primaryimage"},"thumbnailUrl":"http:\/\/rusinowicz.studio\/wp-content\/uploads\/2025\/10\/biale-sciany-kaszmirowa-ceramika-wazony-misy-jedna-galazka-w-jednym-wazonie-narzedzi-7.jpeg","datePublished":"2025-10-13T20:14:10+00:00","dateModified":"2025-10-18T10:11:31+00:00","description":"Zaj\u0119cia ceramiczne Stargard, warsztaty z glin\u0105. Zaj\u0119cia ceramiczne dla dzieci. Warsztaty ceramiczne dla dzieci i doros\u0142ych.","breadcrumb":{"@id":"https:\/\/rusinowicz.studio\/index.php\/studio-16\/#breadcrumb"},"inLanguage":"pl-PL","potentialAction":[{"@type":"ReadAction","target":["https:\/\/rusinowicz.studio\/index.php\/studio-16\/"]}]},{"@type":"ImageObject","inLanguage":"pl-PL","@id":"https:\/\/rusinowicz.studio\/index.php\/studio-16\/#primaryimage","url":"http:\/\/rusinowicz.studio\/wp-content\/uploads\/2025\/10\/biale-sciany-kaszmirowa-ceramika-wazony-misy-jedna-galazka-w-jednym-wazonie-narzedzi-7.jpeg","contentUrl":"http:\/\/rusinowicz.studio\/wp-content\/uploads\/2025\/10\/biale-sciany-kaszmirowa-ceramika-wazony-misy-jedna-galazka-w-jednym-wazonie-narzedzi-7.jpeg"},{"@type":"BreadcrumbList","@id":"https:\/\/rusinowicz.studio\/index.php\/studio-16\/#breadcrumb","itemListElement":[{"@type":"ListItem","position":1,"name":"Strona g\u0142\u00f3wna","item":"https:\/\/rusinowicz.studio\/"},{"@type":"ListItem","position":2,"name":"STUDIO 16"}]},{"@type":"WebSite","@id":"https:\/\/rusinowicz.studio\/#website","url":"https:\/\/rusinowicz.studio\/","name":"Rusinowicz Studio","description":"Pracownia Artystyczna","publisher":{"@id":"https:\/\/rusinowicz.studio\/#organization"},"potentialAction":[{"@type":"SearchAction","target":{"@type":"EntryPoint","urlTemplate":"https:\/\/rusinowicz.studio\/?s={search_term_string}"},"query-input":{"@type":"PropertyValueSpecification","valueRequired":true,"valueName":"search_term_string"}}],"inLanguage":"pl-PL"},{"@type":"Organization","@id":"https:\/\/rusinowicz.studio\/#organization","name":"Rusinowicz Studio","url":"https:\/\/rusinowicz.studio\/","logo":{"@type":"ImageObject","inLanguage":"pl-PL","@id":"https:\/\/rusinowicz.studio\/#\/schema\/logo\/image\/","url":"https:\/\/rusinowicz.studio\/wp-content\/uploads\/2025\/10\/cropped-inline.jpg","contentUrl":"https:\/\/rusinowicz.studio\/wp-content\/uploads\/2025\/10\/cropped-inline.jpg","width":240,"height":122,"caption":"Rusinowicz Studio"},"image":{"@id":"https:\/\/rusinowicz.studio\/#\/schema\/logo\/image\/"}}]}},"_links":{"self":[{"href":"https:\/\/rusinowicz.studio\/index.php\/wp-json\/wp\/v2\/pages\/47","targetHints":{"allow":["GET"]}}],"collection":[{"href":"https:\/\/rusinowicz.studio\/index.php\/wp-json\/wp\/v2\/pages"}],"about":[{"href":"https:\/\/rusinowicz.studio\/index.php\/wp-json\/wp\/v2\/types\/page"}],"author":[{"embeddable":true,"href":"https:\/\/rusinowicz.studio\/index.php\/wp-json\/wp\/v2\/users\/1"}],"replies":[{"embeddable":true,"href":"https:\/\/rusinowicz.studio\/index.php\/wp-json\/wp\/v2\/comments?post=47"}],"version-history":[{"count":39,"href":"https:\/\/rusinowicz.studio\/index.php\/wp-json\/wp\/v2\/pages\/47\/revisions"}],"predecessor-version":[{"id":377,"href":"https:\/\/rusinowicz.studio\/index.php\/wp-json\/wp\/v2\/pages\/47\/revisions\/377"}],"wp:attachment":[{"href":"https:\/\/rusinowicz.studio\/index.php\/wp-json\/wp\/v2\/media?parent=47"}],"curies":[{"name":"wp","href":"https:\/\/api.w.org\/{rel}","templated":true}]}}