{"id":28,"date":"2025-10-13T21:18:39","date_gmt":"2025-10-13T19:18:39","guid":{"rendered":"https:\/\/rusinowicz.studio\/?page_id=28"},"modified":"2025-10-16T23:24:35","modified_gmt":"2025-10-16T21:24:35","slug":"cennik","status":"publish","type":"page","link":"https:\/\/rusinowicz.studio\/index.php\/cennik\/","title":{"rendered":"Cennik"},"content":{"rendered":"<div  data-label=\"Pricing-tables\" data-id=\"pricing-colors-section\" data-category=\"pricing-tables\" class=\"pricing-colors-section\" data-featured-class=\"pricing-featured\" id=\"pricing-tables-2\" style=\"background-color: rgb(255, 255, 255); background-image: none;\" data-ovid=\"ovid-pricing-tables-2-114\"> <div  class=\"gridContainer\"> <div  class=\"section-title-col dynamic-color\" data-type=\"column\"> <h2  class=\"\"><span  style=\"font-weight: 700;\">Cennik<\/span><\/h2> <p  class=\"\"><\/p> <\/div> <div  class=\"row pricing-colors-innerrow\" data-type=\"row\"> <div  class=\"pricing-colors-itemcol cp3cols cp6cols-tablet color1\"> <div  class=\"pricing-colors-titlerow white-text bg-alt-color\" data-type=\"column\"> <h4  class=\"pricing-colors-title\">Zaj\u0119cia indywidualne\n<br >dla dzieci lub doros\u0142ych<\/h4> <p  class=\"pricing-colors-populartext\"> Most popular <\/p> <\/div> <div  class=\"pricing-colors-contentrow\" data-type=\"column\">  <p  class=\"pricing-colors-pricetext\"><span style=\"text-decoration: underline;\" >90z\u0142<\/span> \n<br >90 min. zaj\u0119\u0107<\/p> <ul  class=\"pricing-colors-features-list\"><li  class=\"pricing-colors-features-item\">Cena obejmuje:<\/li><li  class=\"pricing-colors-features-item\">wszystkie materia\u0142y \u2013 glina, farby, angoby, szkliwa<\/li><li  class=\"pricing-colors-features-item\">korzystanie z narz\u0119dzi i wyposarzenia pracowni<\/li><li  class=\"pricing-colors-features-item\">wypa\u0142 wykonanych prac w piecu ceramicznym<\/li><li  class=\"pricing-colors-features-item\">opieka instruktora<\/li><\/ul> <a  class=\"button bg-alt-color\" href=\"#\"> Sign UP <\/a> <\/div> <\/div> <div  class=\"pricing-colors-itemcol cp3cols cp6cols-tablet color14\"> <div  class=\"pricing-colors-titlerow white-text bg-alt-color\" data-type=\"column\"> <h4  class=\"pricing-colors-title\">Zaj\u0119cia grupowe\n<br >dla dzieci lub doros\u0142ych 2-4 osoby<\/h4> <p  class=\"pricing-colors-populartext\"> Most popular <\/p> <\/div> <div  class=\"pricing-colors-contentrow\" data-type=\"column\">  <p  class=\"pricing-colors-pricetext\"><span style=\"text-decoration: underline;\" >80z\u0142<\/span>&nbsp;<br >90 min. zaj\u0119\u0107<\/p> <ul  class=\"pricing-colors-features-list\"><li  class=\"pricing-colors-features-item\">Cena obejmuje:<\/li><li  class=\"pricing-colors-features-item\">wszystkie materia\u0142y \u2013 glina, farby, angoby, szkliwa<\/li><li  class=\"pricing-colors-features-item\">korzystanie z narz\u0119dzi i wyposarzenia pracowni<\/li><li  class=\"pricing-colors-features-item\">wypa\u0142 wykonanych prac w piecu ceramicznym<\/li><li  class=\"pricing-colors-features-item\">opieka instrukrora<\/li><\/ul> <a  class=\"button bg-alt-color\" href=\"#\"> Sign UP <\/a> <\/div> <\/div> <div  class=\"pricing-colors-itemcol cp3cols cp6cols-tablet color15\"> <div  class=\"pricing-colors-titlerow white-text bg-alt-color\" data-type=\"column\"> <h4  class=\"pricing-colors-title\">Zaj\u0119cia grupowe dla dzieci lub doros\u0142ych\n<br >5-10 os\u00f3b<\/h4>  <\/div> <div  class=\"pricing-colors-contentrow\" data-type=\"column\">  <p  class=\"pricing-colors-pricetext\"><span style=\"text-decoration: underline;\" >70z\u0142<\/span>&nbsp;\n<br >90 min. zaj\u0119\u0107<\/p> <ul  class=\"pricing-colors-features-list\"><li  class=\"pricing-colors-features-item\">Cena obejmuje:<\/li><li  class=\"pricing-colors-features-item\">wszystkie materia\u0142y \u2013 glina, farby, angoby, szkliwa<\/li><li  class=\"pricing-colors-features-item\">korzystanie z narz\u0119dzi i wyposarzenia pracowni<\/li><li  class=\"pricing-colors-features-item\">wypa\u0142 wykonanych prac<\/li><li  class=\"pricing-colors-features-item\">opieka instruktora<\/li><\/ul> <a  class=\"button bg-alt-color\" href=\"#\"> Sign UP <\/a> <\/div> <\/div> <div  class=\"pricing-colors-itemcol cp3cols cp6cols-tablet color16\"> <div  class=\"pricing-colors-titlerow white-text bg-alt-color\" data-type=\"column\"> <h4  class=\"pricing-colors-title\">Voucher<br >\n<\/h4> <p  class=\"pricing-colors-populartext\"> Most popular <\/p> <\/div> <div  class=\"pricing-colors-contentrow\" data-type=\"column\">  <p  class=\"pricing-colors-pricetext\"><span style=\"text-decoration: underline;\" >240z\u0142<\/span>&nbsp;<\/p> <ul  class=\"pricing-colors-features-list\"><li  class=\"pricing-colors-features-item\">Cena obejmuje:<\/li><li  class=\"pricing-colors-features-item\">dwa spotkania, ka\u017cde po 2 godziny tw\u00f3rczej pracy<\/li><li  class=\"pricing-colors-features-item\">wszystkie materia\u0142y i narz\u0119dzia <\/li><li  class=\"pricing-colors-features-item\">dwa wypa\u0142y (biskwit i szkliwo)<\/li><li  class=\"pricing-colors-features-item\">opiek\u0119 instruktora<\/li><li  class=\"pricing-colors-features-item\">odbi\u00f3r prac<\/li><\/ul> <a  class=\"button bg-alt-color\" href=\"#\"> Sign UP <\/a> <\/div> <\/div> <\/div> <\/div> <\/div>","protected":false},"excerpt":{"rendered":"<p>Cennik Zaj\u0119cia indywidualne dla dzieci lub doros\u0142ych Most popular 90z\u0142 90 min. zaj\u0119\u0107 Cena obejmuje:wszystkie materia\u0142y \u2013 glina, farby, angoby, szkliwakorzystanie z narz\u0119dzi i wyposarzenia pracowniwypa\u0142 wykonanych prac w piecu ceramicznymopieka instruktora Sign UP Zaj\u0119cia grupowe dla dzieci lub doros\u0142ych 2-4 osoby Most popular 80z\u0142&nbsp;90 min. zaj\u0119\u0107 Cena obejmuje:wszystkie materia\u0142y \u2013 glina, farby, angoby, szkliwakorzystanie&hellip; <br \/> <a class=\"button small blue\" href=\"https:\/\/rusinowicz.studio\/index.php\/2025\/04\/22\/witaj-swiecie\/\">Dowiedz si\u0119 wi\u0119cej<\/a><\/p>\n","protected":false},"author":1,"featured_media":0,"parent":0,"menu_order":0,"comment_status":"closed","ping_status":"closed","template":"full-width-page.php","meta":{"footnotes":""},"class_list":["post-28","page","type-page","status-publish","hentry"],"yoast_head":"<!-- This site is optimized with the Yoast SEO plugin v26.1.1 - https:\/\/yoast.com\/wordpress\/plugins\/seo\/ -->\n<title>Cennik - Rusinowicz Studio<\/title>\n<meta name=\"robots\" content=\"index, follow, max-snippet:-1, max-image-preview:large, max-video-preview:-1\" \/>\n<link rel=\"canonical\" href=\"https:\/\/rusinowicz.studio\/index.php\/cennik\/\" \/>\n<meta property=\"og:locale\" content=\"pl_PL\" \/>\n<meta property=\"og:type\" content=\"article\" \/>\n<meta property=\"og:title\" content=\"Cennik - Rusinowicz Studio\" \/>\n<meta property=\"og:description\" content=\"Cennik Zaj\u0119cia indywidualne dla dzieci lub doros\u0142ych Most popular 90z\u0142 90 min. zaj\u0119\u0107 Cena obejmuje:wszystkie materia\u0142y \u2013 glina, farby, angoby, szkliwakorzystanie z narz\u0119dzi i wyposarzenia pracowniwypa\u0142 wykonanych prac w piecu ceramicznymopieka instruktora Sign UP Zaj\u0119cia grupowe dla dzieci lub doros\u0142ych 2-4 osoby Most popular 80z\u0142&nbsp;90 min. zaj\u0119\u0107 Cena obejmuje:wszystkie materia\u0142y \u2013 glina, farby, angoby, szkliwakorzystanie&hellip; Dowiedz si\u0119 wi\u0119cej\" \/>\n<meta property=\"og:url\" content=\"https:\/\/rusinowicz.studio\/index.php\/cennik\/\" \/>\n<meta property=\"og:site_name\" content=\"Rusinowicz Studio\" \/>\n<meta property=\"article:modified_time\" content=\"2025-10-16T21:24:35+00:00\" \/>\n<meta name=\"twitter:card\" content=\"summary_large_image\" \/>\n<meta name=\"twitter:label1\" content=\"Szacowany czas czytania\" \/>\n\t<meta name=\"twitter:data1\" content=\"1 minuta\" \/>\n<script type=\"application\/ld+json\" class=\"yoast-schema-graph\">{\"@context\":\"https:\/\/schema.org\",\"@graph\":[{\"@type\":\"WebPage\",\"@id\":\"https:\/\/rusinowicz.studio\/index.php\/cennik\/\",\"url\":\"https:\/\/rusinowicz.studio\/index.php\/cennik\/\",\"name\":\"Cennik - Rusinowicz Studio\",\"isPartOf\":{\"@id\":\"https:\/\/rusinowicz.studio\/#website\"},\"datePublished\":\"2025-10-13T19:18:39+00:00\",\"dateModified\":\"2025-10-16T21:24:35+00:00\",\"breadcrumb\":{\"@id\":\"https:\/\/rusinowicz.studio\/index.php\/cennik\/#breadcrumb\"},\"inLanguage\":\"pl-PL\",\"potentialAction\":[{\"@type\":\"ReadAction\",\"target\":[\"https:\/\/rusinowicz.studio\/index.php\/cennik\/\"]}]},{\"@type\":\"BreadcrumbList\",\"@id\":\"https:\/\/rusinowicz.studio\/index.php\/cennik\/#breadcrumb\",\"itemListElement\":[{\"@type\":\"ListItem\",\"position\":1,\"name\":\"Strona g\u0142\u00f3wna\",\"item\":\"https:\/\/rusinowicz.studio\/\"},{\"@type\":\"ListItem\",\"position\":2,\"name\":\"Cennik\"}]},{\"@type\":\"WebSite\",\"@id\":\"https:\/\/rusinowicz.studio\/#website\",\"url\":\"https:\/\/rusinowicz.studio\/\",\"name\":\"Rusinowicz Studio\",\"description\":\"Pracownia Artystyczna\",\"publisher\":{\"@id\":\"https:\/\/rusinowicz.studio\/#organization\"},\"potentialAction\":[{\"@type\":\"SearchAction\",\"target\":{\"@type\":\"EntryPoint\",\"urlTemplate\":\"https:\/\/rusinowicz.studio\/?s={search_term_string}\"},\"query-input\":{\"@type\":\"PropertyValueSpecification\",\"valueRequired\":true,\"valueName\":\"search_term_string\"}}],\"inLanguage\":\"pl-PL\"},{\"@type\":\"Organization\",\"@id\":\"https:\/\/rusinowicz.studio\/#organization\",\"name\":\"Rusinowicz Studio\",\"url\":\"https:\/\/rusinowicz.studio\/\",\"logo\":{\"@type\":\"ImageObject\",\"inLanguage\":\"pl-PL\",\"@id\":\"https:\/\/rusinowicz.studio\/#\/schema\/logo\/image\/\",\"url\":\"https:\/\/rusinowicz.studio\/wp-content\/uploads\/2025\/10\/cropped-inline.jpg\",\"contentUrl\":\"https:\/\/rusinowicz.studio\/wp-content\/uploads\/2025\/10\/cropped-inline.jpg\",\"width\":240,\"height\":122,\"caption\":\"Rusinowicz Studio\"},\"image\":{\"@id\":\"https:\/\/rusinowicz.studio\/#\/schema\/logo\/image\/\"}}]}<\/script>\n<!-- \/ Yoast SEO plugin. -->","yoast_head_json":{"title":"Cennik - Rusinowicz Studio","robots":{"index":"index","follow":"follow","max-snippet":"max-snippet:-1","max-image-preview":"max-image-preview:large","max-video-preview":"max-video-preview:-1"},"canonical":"https:\/\/rusinowicz.studio\/index.php\/cennik\/","og_locale":"pl_PL","og_type":"article","og_title":"Cennik - Rusinowicz Studio","og_description":"Cennik Zaj\u0119cia indywidualne dla dzieci lub doros\u0142ych Most popular 90z\u0142 90 min. zaj\u0119\u0107 Cena obejmuje:wszystkie materia\u0142y \u2013 glina, farby, angoby, szkliwakorzystanie z narz\u0119dzi i wyposarzenia pracowniwypa\u0142 wykonanych prac w piecu ceramicznymopieka instruktora Sign UP Zaj\u0119cia grupowe dla dzieci lub doros\u0142ych 2-4 osoby Most popular 80z\u0142&nbsp;90 min. zaj\u0119\u0107 Cena obejmuje:wszystkie materia\u0142y \u2013 glina, farby, angoby, szkliwakorzystanie&hellip; Dowiedz si\u0119 wi\u0119cej","og_url":"https:\/\/rusinowicz.studio\/index.php\/cennik\/","og_site_name":"Rusinowicz Studio","article_modified_time":"2025-10-16T21:24:35+00:00","twitter_card":"summary_large_image","twitter_misc":{"Szacowany czas czytania":"1 minuta"},"schema":{"@context":"https:\/\/schema.org","@graph":[{"@type":"WebPage","@id":"https:\/\/rusinowicz.studio\/index.php\/cennik\/","url":"https:\/\/rusinowicz.studio\/index.php\/cennik\/","name":"Cennik - Rusinowicz Studio","isPartOf":{"@id":"https:\/\/rusinowicz.studio\/#website"},"datePublished":"2025-10-13T19:18:39+00:00","dateModified":"2025-10-16T21:24:35+00:00","breadcrumb":{"@id":"https:\/\/rusinowicz.studio\/index.php\/cennik\/#breadcrumb"},"inLanguage":"pl-PL","potentialAction":[{"@type":"ReadAction","target":["https:\/\/rusinowicz.studio\/index.php\/cennik\/"]}]},{"@type":"BreadcrumbList","@id":"https:\/\/rusinowicz.studio\/index.php\/cennik\/#breadcrumb","itemListElement":[{"@type":"ListItem","position":1,"name":"Strona g\u0142\u00f3wna","item":"https:\/\/rusinowicz.studio\/"},{"@type":"ListItem","position":2,"name":"Cennik"}]},{"@type":"WebSite","@id":"https:\/\/rusinowicz.studio\/#website","url":"https:\/\/rusinowicz.studio\/","name":"Rusinowicz Studio","description":"Pracownia Artystyczna","publisher":{"@id":"https:\/\/rusinowicz.studio\/#organization"},"potentialAction":[{"@type":"SearchAction","target":{"@type":"EntryPoint","urlTemplate":"https:\/\/rusinowicz.studio\/?s={search_term_string}"},"query-input":{"@type":"PropertyValueSpecification","valueRequired":true,"valueName":"search_term_string"}}],"inLanguage":"pl-PL"},{"@type":"Organization","@id":"https:\/\/rusinowicz.studio\/#organization","name":"Rusinowicz Studio","url":"https:\/\/rusinowicz.studio\/","logo":{"@type":"ImageObject","inLanguage":"pl-PL","@id":"https:\/\/rusinowicz.studio\/#\/schema\/logo\/image\/","url":"https:\/\/rusinowicz.studio\/wp-content\/uploads\/2025\/10\/cropped-inline.jpg","contentUrl":"https:\/\/rusinowicz.studio\/wp-content\/uploads\/2025\/10\/cropped-inline.jpg","width":240,"height":122,"caption":"Rusinowicz Studio"},"image":{"@id":"https:\/\/rusinowicz.studio\/#\/schema\/logo\/image\/"}}]}},"_links":{"self":[{"href":"https:\/\/rusinowicz.studio\/index.php\/wp-json\/wp\/v2\/pages\/28","targetHints":{"allow":["GET"]}}],"collection":[{"href":"https:\/\/rusinowicz.studio\/index.php\/wp-json\/wp\/v2\/pages"}],"about":[{"href":"https:\/\/rusinowicz.studio\/index.php\/wp-json\/wp\/v2\/types\/page"}],"author":[{"embeddable":true,"href":"https:\/\/rusinowicz.studio\/index.php\/wp-json\/wp\/v2\/users\/1"}],"replies":[{"embeddable":true,"href":"https:\/\/rusinowicz.studio\/index.php\/wp-json\/wp\/v2\/comments?post=28"}],"version-history":[{"count":16,"href":"https:\/\/rusinowicz.studio\/index.php\/wp-json\/wp\/v2\/pages\/28\/revisions"}],"predecessor-version":[{"id":354,"href":"https:\/\/rusinowicz.studio\/index.php\/wp-json\/wp\/v2\/pages\/28\/revisions\/354"}],"wp:attachment":[{"href":"https:\/\/rusinowicz.studio\/index.php\/wp-json\/wp\/v2\/media?parent=28"}],"curies":[{"name":"wp","href":"https:\/\/api.w.org\/{rel}","templated":true}]}}