{"id":169,"date":"2025-10-14T19:10:57","date_gmt":"2025-10-14T17:10:57","guid":{"rendered":"https:\/\/rusinowicz.studio\/?page_id=169"},"modified":"2025-10-16T11:31:22","modified_gmt":"2025-10-16T09:31:22","slug":"oferta","status":"publish","type":"page","link":"https:\/\/rusinowicz.studio\/index.php\/oferta\/","title":{"rendered":"OFERTA"},"content":{"rendered":"<div  data-label=\"Features\" data-id=\"features-square-image-section\" data-category=\"features\" class=\"features-square-image-section\" id=\"features-7\" style=\"background-color: rgb(255, 255, 255);\"> <div  class=\"gridContainer dynamic-color\"> <div  class=\"features-square-image-textrow\"> <div  class=\"features-square-image-textcol\" data-type=\"column\"> <h2  class=\"\"><span  id=\"_mce_caret\" data-mce-bogus=\"1\" data-mce-type=\"format-caret\"><span  style=\"font-family: verdana, geneva, sans-serif;\">\ufeff<span  style=\"font-family: Source Sans Pro, arial, helvetica, sans-serif; font-weight: 500;\">Oferuj\u0119 r\u00f3\u017cne formy spotka\u0144, by ka\u017cdy m\u00f3g\u0142 do\u015bwiadczy\u0107 przyjemno\u015bci tworzenia i wybra\u0107 spos\u00f3b, kt\u00f3ry daje mu najwi\u0119cej rado\u015bci.<\/span><\/span><\/span><\/h2>  <\/div> <\/div> <div  class=\"features-square-image-innerrow\" data-type=\"row\"> <div  class=\"features-square-image-featcol cp4cols cp6cols-tablet\"><img  decoding=\"async\" class=\"features-square-image-featimg\" src=\"http:\/\/rusinowicz.studio\/wp-content\/uploads\/2025\/10\/Untitled-design.png\" alt=\"\"> <h4  class=\"\"><span  style=\"font-family: Source Sans Pro, arial, helvetica, sans-serif; font-weight: 700;\">Zaj\u0119cia indywidualne dla dzieci<\/span><\/h4> <p  class=\"\"><span  style=\"font-family: Source Sans Pro, arial, helvetica, sans-serif; font-weight: 500;\">Praca z glin\u0105 to wspania\u0142a forma\n<br >do rozwijania kreatywno\u015bci. Lepienie wymaga skupienia planowania, uczy dziecko dok\u0142adno\u015bci, przewidywania.<br >To doskona\u0142e \u0107wiczenie na rozw\u00f3j motoryki ma\u0142ej, tak wa\u017cne przy nauce pisania.<\/span><\/p> <a  href=\"#\" class=\"\"><i  data-cp-fa=\"true\" class=\"font-icon-22 fa fa-arrow-circle-right\"><\/i>&nbsp;learn more<\/a> <\/div> <div  class=\"features-square-image-featcol cp4cols cp6cols-tablet\"><img  decoding=\"async\" class=\"features-square-image-featimg\" src=\"http:\/\/rusinowicz.studio\/wp-content\/uploads\/2025\/10\/Zajecia-ceramiczne-przy-stole-z-dziecmi-same-dlonie-jasny-stol-2.jpeg\" alt=\"\"> <h4  class=\"\"><span  style=\"font-family: Source Sans Pro, arial, helvetica, sans-serif; font-weight: 700;\">Zaj\u0119cia grupowe dla dzieci<\/span><span  id=\"_mce_caret\" data-mce-bogus=\"1\" data-mce-type=\"format-caret\"><span  style=\"font-family: Source Sans Pro, arial, helvetica, sans-serif; font-weight: 700;\">\ufeff<\/span><\/span><\/h4> <p  class=\"\"><span  style=\"font-family: Source Sans Pro, arial, helvetica, sans-serif; font-weight: 500;\">Kreatywna zabawa, podczas kt\u00f3rej dzieci poznaj\u0105 magi\u0119 ceramiki. Wzmacniaj\u0105 przy tym rozw\u00f3j poznawczy, oraz sprawno\u015b\u0107 manualn\u0105.<br >Praca z glin\u0105 anga\u017cuje wiele zmys\u0142\u00f3w a zarazem dzia\u0142a koj\u0105co i wyciszaj\u0105co.<\/span><\/p><a  href=\"#\" class=\"\"><i  data-cp-fa=\"true\" class=\"font-icon-22 fa fa-arrow-circle-right\"><\/i>&nbsp;learn more<\/a> <\/div>  <\/div> <\/div><\/div><div  data-label=\"Features\" data-id=\"features-square-image-section-1\" data-category=\"features\" class=\"features-square-image-section features-square-image-section-1\" id=\"features-1\" style=\"background-color: rgb(246, 246, 246);\"> <div  class=\"gridContainer dynamic-color\"> <div  class=\"features-square-image-textrow\"> <div  class=\"features-square-image-textcol\" data-type=\"column\">   <\/div> <\/div> <div  class=\"features-square-image-innerrow\" data-type=\"row\"> <div  class=\"features-square-image-featcol cp4cols cp6cols-tablet\"><img  decoding=\"async\" class=\"features-square-image-featimg\" src=\"http:\/\/rusinowicz.studio\/wp-content\/uploads\/2025\/10\/IMG_3521.jpeg\" alt=\"\"> <h4  class=\"\"><span  style=\"font-family: Source Sans Pro, arial, helvetica, sans-serif; font-weight: 700;\">Zaj\u0119cia indywidualne dla doros\u0142ych<\/span><\/h4> <p  class=\"\"><span  style=\"font-family: Source Sans Pro, arial, helvetica, sans-serif; font-weight: 500;\">Spotkanie tylko dla Ciebie,\n<br >z pe\u0142nym skupieniem na Twoich pomys\u0142ach.&nbsp; Duma z siebie to cudowna emocja, kt\u00f3ra towarzyszy przy odbiorze prac.<\/span><\/p> <a  href=\"#\" class=\"\"><i  data-cp-fa=\"true\" class=\"font-icon-22 fa fa-arrow-circle-right\"><\/i>&nbsp;learn more<\/a> <\/div> <div  class=\"features-square-image-featcol cp4cols cp6cols-tablet\"><img  decoding=\"async\" class=\"features-square-image-featimg\" src=\"http:\/\/rusinowicz.studio\/wp-content\/uploads\/2025\/10\/IMG_3519.jpeg\" alt=\"\"> <h4  class=\"\"><span  style=\"font-family: Source Sans Pro, arial, helvetica, sans-serif; font-weight: 700;\">Zaj\u0119cia grupowe dla doros\u0142ych<\/span><\/h4> <p  class=\"\"><span  style=\"font-weight: 500; font-family: Source Sans Pro, arial, helvetica, sans-serif;\">Relaks i tw\u00f3rczo\u015b\u0107 to czas, by wsp\u00f3lnie z przyjaci\u00f3\u0142mi oderwa\u0107 sie z codziennego po\u015bpiechu i zatrzyma\u0107 na chwil\u0119.&nbsp; Stw\u00f3rz kubek, kt\u00f3ry b\u0119dzie czeka\u0142 na porann\u0105 kawe, albo prezent, w kt\u00f3rym zostanie Twoje serce.<\/span><\/p><a  href=\"#\" class=\"\"><i  data-cp-fa=\"true\" class=\"font-icon-22 fa fa-arrow-circle-right\"><\/i>&nbsp;learn more<\/a> <\/div>  <\/div> <\/div><\/div><div  data-label=\"Features\" data-id=\"features-square-image-section-2\" data-category=\"features\" class=\"features-square-image-section features-square-image-section-2\" id=\"features-2\" style=\"background-color: rgb(255, 255, 255);\"> <div  class=\"gridContainer dynamic-color\"> <div  class=\"features-square-image-textrow\"> <div  class=\"features-square-image-textcol\" data-type=\"column\">   <\/div> <\/div> <div  class=\"features-square-image-innerrow\" data-type=\"row\"> <div  class=\"features-square-image-featcol cp4cols cp6cols-tablet\"><img  decoding=\"async\" class=\"features-square-image-featimg\" src=\"http:\/\/rusinowicz.studio\/wp-content\/uploads\/2025\/10\/IMG_3520.jpeg\" alt=\"\"> <h4  class=\"\">Zaj\u0119cia dla Dwojga<\/h4> <p  class=\"\"><span  style=\"font-weight: 600;\"><span  style=\"font-weight: 500;\">Tw\u00f3rczy&nbsp; czas we dwoje, \u015bmiech, poczucie wsp\u00f3\u0142tworzenia, relaks i zabawa,&nbsp; wyj\u0105tkowy spos\u00f3b na chwile tylko dla siebie.<\/span>&nbsp;<\/span><\/p>  <\/div> <div  class=\"features-square-image-featcol cp4cols cp6cols-tablet\"><img  decoding=\"async\" class=\"features-square-image-featimg\" src=\"http:\/\/rusinowicz.studio\/wp-content\/uploads\/2025\/10\/Urodziny-za-zajeciach-ceramicznych.-Bialoskorzy-ludzie.jpeg\" alt=\"\"> <h4  class=\"\"><span  style=\"font-weight: 700;\">Urodziny przy glinie&nbsp;<\/span><\/h4> <p  class=\"\"><span  style=\"font-weight: 500;\">Fajnie mie\u0107 takie urodziny:) w kreatywnym klimacie:) Nie trzeba mie\u0107 talentu ani do\u015bwiadczenia. Z takiego spotkania nie tylko Solenizant bedzie mia\u0142 prezent, lecz ka\u017cdy z go\u015bci \u2013 w\u0142asnor\u0119cznie ulepion\u0105 pami\u0105tk\u0119.&nbsp;<\/span><\/p> <\/div> <div  class=\"features-square-image-featcol cp4cols cp6cols-tablet\"><img  decoding=\"async\" class=\"features-square-image-featimg\" src=\"http:\/\/rusinowicz.studio\/wp-content\/uploads\/2025\/10\/IMG_3532.jpeg\" alt=\"\"> <h4  class=\"\"><span  style=\"font-weight: 700;\">Podaruj bliskiemu chwil\u0119 tworzenia<\/span><\/h4> <p  class=\"\"><span  style=\"font-weight: 500;\">Voucher&nbsp;&nbsp;<\/span><span  style=\"font-weight: 700; font-family: Aclonica, arial, helvetica, sans-serif;\">STUDIO 16<\/span><span  style=\"font-weight: 500;\">&nbsp; to zaproszenie,\n<br >kt\u00f3re mo\u017cesz wr\u0119czy\u0107 bliskiej osobie z okazji urodzin, \u015awi\u0105t, albo po prostu, by powiedzie\u0107 \u2013 \u201dZas\u0142ugujesz na chwil\u0119 dla siebie\u201d<\/span><\/p><a  href=\"#\" class=\"\"><i  data-cp-fa=\"true\" class=\"font-icon-22 fa fa-arrow-circle-right\"><\/i>&nbsp;learn more<\/a> <\/div> <\/div> <\/div><\/div><div  data-label=\"Features\" data-id=\"features-square-image-section-3\" data-category=\"features\" class=\"features-square-image-section features-square-image-section-3\" id=\"features-3\" style=\"background-color: rgb(246, 246, 246);\"> <div  class=\"gridContainer dynamic-color\"> <div  class=\"features-square-image-textrow\"> <div  class=\"features-square-image-textcol\" data-type=\"column\">   <\/div> <\/div> <div  class=\"features-square-image-innerrow\" data-type=\"row\"> <div  class=\"features-square-image-featcol cp4cols cp6cols-tablet\">   <a  href=\"#\" class=\"\"><i  data-cp-fa=\"true\" class=\"font-icon-22 fa fa-arrow-circle-right\"><\/i>&nbsp;learn more<\/a> <\/div>   <\/div> <\/div><\/div>","protected":false},"excerpt":{"rendered":"<p>\ufeffOferuj\u0119 r\u00f3\u017cne formy spotka\u0144, by ka\u017cdy m\u00f3g\u0142 do\u015bwiadczy\u0107 przyjemno\u015bci tworzenia i wybra\u0107 spos\u00f3b, kt\u00f3ry daje mu najwi\u0119cej rado\u015bci. Zaj\u0119cia indywidualne dla dzieci Praca z glin\u0105 to wspania\u0142a forma do rozwijania kreatywno\u015bci. Lepienie wymaga skupienia planowania, uczy dziecko dok\u0142adno\u015bci, przewidywania.To doskona\u0142e \u0107wiczenie na rozw\u00f3j motoryki ma\u0142ej, tak wa\u017cne przy nauce pisania. &nbsp;learn more Zaj\u0119cia grupowe dla&hellip; <br \/> <a class=\"button small blue\" href=\"https:\/\/rusinowicz.studio\/index.php\/2025\/04\/22\/witaj-swiecie\/\">Dowiedz si\u0119 wi\u0119cej<\/a><\/p>\n","protected":false},"author":1,"featured_media":0,"parent":0,"menu_order":0,"comment_status":"closed","ping_status":"closed","template":"full-width-page.php","meta":{"footnotes":""},"class_list":["post-169","page","type-page","status-publish","hentry"],"yoast_head":"<!-- This site is optimized with the Yoast SEO plugin v26.1.1 - https:\/\/yoast.com\/wordpress\/plugins\/seo\/ -->\n<title>OFERTA - Rusinowicz Studio<\/title>\n<meta name=\"robots\" content=\"index, follow, max-snippet:-1, max-image-preview:large, max-video-preview:-1\" \/>\n<link rel=\"canonical\" href=\"https:\/\/rusinowicz.studio\/index.php\/oferta\/\" \/>\n<meta property=\"og:locale\" content=\"pl_PL\" \/>\n<meta property=\"og:type\" content=\"article\" \/>\n<meta property=\"og:title\" content=\"OFERTA - Rusinowicz Studio\" \/>\n<meta property=\"og:description\" content=\"\ufeffOferuj\u0119 r\u00f3\u017cne formy spotka\u0144, by ka\u017cdy m\u00f3g\u0142 do\u015bwiadczy\u0107 przyjemno\u015bci tworzenia i wybra\u0107 spos\u00f3b, kt\u00f3ry daje mu najwi\u0119cej rado\u015bci. Zaj\u0119cia indywidualne dla dzieci Praca z glin\u0105 to wspania\u0142a forma do rozwijania kreatywno\u015bci. Lepienie wymaga skupienia planowania, uczy dziecko dok\u0142adno\u015bci, przewidywania.To doskona\u0142e \u0107wiczenie na rozw\u00f3j motoryki ma\u0142ej, tak wa\u017cne przy nauce pisania. &nbsp;learn more Zaj\u0119cia grupowe dla&hellip; Dowiedz si\u0119 wi\u0119cej\" \/>\n<meta property=\"og:url\" content=\"https:\/\/rusinowicz.studio\/index.php\/oferta\/\" \/>\n<meta property=\"og:site_name\" content=\"Rusinowicz Studio\" \/>\n<meta property=\"article:modified_time\" content=\"2025-10-16T09:31:22+00:00\" \/>\n<meta property=\"og:image\" content=\"http:\/\/rusinowicz.studio\/wp-content\/uploads\/2025\/10\/Untitled-design.png\" \/>\n<meta name=\"twitter:card\" content=\"summary_large_image\" \/>\n<meta name=\"twitter:label1\" content=\"Szacowany czas czytania\" \/>\n\t<meta name=\"twitter:data1\" content=\"2 minuty\" \/>\n<script type=\"application\/ld+json\" class=\"yoast-schema-graph\">{\"@context\":\"https:\/\/schema.org\",\"@graph\":[{\"@type\":\"WebPage\",\"@id\":\"https:\/\/rusinowicz.studio\/index.php\/oferta\/\",\"url\":\"https:\/\/rusinowicz.studio\/index.php\/oferta\/\",\"name\":\"OFERTA - Rusinowicz Studio\",\"isPartOf\":{\"@id\":\"https:\/\/rusinowicz.studio\/#website\"},\"primaryImageOfPage\":{\"@id\":\"https:\/\/rusinowicz.studio\/index.php\/oferta\/#primaryimage\"},\"image\":{\"@id\":\"https:\/\/rusinowicz.studio\/index.php\/oferta\/#primaryimage\"},\"thumbnailUrl\":\"http:\/\/rusinowicz.studio\/wp-content\/uploads\/2025\/10\/Untitled-design.png\",\"datePublished\":\"2025-10-14T17:10:57+00:00\",\"dateModified\":\"2025-10-16T09:31:22+00:00\",\"breadcrumb\":{\"@id\":\"https:\/\/rusinowicz.studio\/index.php\/oferta\/#breadcrumb\"},\"inLanguage\":\"pl-PL\",\"potentialAction\":[{\"@type\":\"ReadAction\",\"target\":[\"https:\/\/rusinowicz.studio\/index.php\/oferta\/\"]}]},{\"@type\":\"ImageObject\",\"inLanguage\":\"pl-PL\",\"@id\":\"https:\/\/rusinowicz.studio\/index.php\/oferta\/#primaryimage\",\"url\":\"http:\/\/rusinowicz.studio\/wp-content\/uploads\/2025\/10\/Untitled-design.png\",\"contentUrl\":\"http:\/\/rusinowicz.studio\/wp-content\/uploads\/2025\/10\/Untitled-design.png\"},{\"@type\":\"BreadcrumbList\",\"@id\":\"https:\/\/rusinowicz.studio\/index.php\/oferta\/#breadcrumb\",\"itemListElement\":[{\"@type\":\"ListItem\",\"position\":1,\"name\":\"Strona g\u0142\u00f3wna\",\"item\":\"https:\/\/rusinowicz.studio\/\"},{\"@type\":\"ListItem\",\"position\":2,\"name\":\"OFERTA\"}]},{\"@type\":\"WebSite\",\"@id\":\"https:\/\/rusinowicz.studio\/#website\",\"url\":\"https:\/\/rusinowicz.studio\/\",\"name\":\"Rusinowicz Studio\",\"description\":\"Pracownia Artystyczna\",\"publisher\":{\"@id\":\"https:\/\/rusinowicz.studio\/#organization\"},\"potentialAction\":[{\"@type\":\"SearchAction\",\"target\":{\"@type\":\"EntryPoint\",\"urlTemplate\":\"https:\/\/rusinowicz.studio\/?s={search_term_string}\"},\"query-input\":{\"@type\":\"PropertyValueSpecification\",\"valueRequired\":true,\"valueName\":\"search_term_string\"}}],\"inLanguage\":\"pl-PL\"},{\"@type\":\"Organization\",\"@id\":\"https:\/\/rusinowicz.studio\/#organization\",\"name\":\"Rusinowicz Studio\",\"url\":\"https:\/\/rusinowicz.studio\/\",\"logo\":{\"@type\":\"ImageObject\",\"inLanguage\":\"pl-PL\",\"@id\":\"https:\/\/rusinowicz.studio\/#\/schema\/logo\/image\/\",\"url\":\"https:\/\/rusinowicz.studio\/wp-content\/uploads\/2025\/10\/cropped-inline.jpg\",\"contentUrl\":\"https:\/\/rusinowicz.studio\/wp-content\/uploads\/2025\/10\/cropped-inline.jpg\",\"width\":240,\"height\":122,\"caption\":\"Rusinowicz Studio\"},\"image\":{\"@id\":\"https:\/\/rusinowicz.studio\/#\/schema\/logo\/image\/\"}}]}<\/script>\n<!-- \/ Yoast SEO plugin. -->","yoast_head_json":{"title":"OFERTA - Rusinowicz Studio","robots":{"index":"index","follow":"follow","max-snippet":"max-snippet:-1","max-image-preview":"max-image-preview:large","max-video-preview":"max-video-preview:-1"},"canonical":"https:\/\/rusinowicz.studio\/index.php\/oferta\/","og_locale":"pl_PL","og_type":"article","og_title":"OFERTA - Rusinowicz Studio","og_description":"\ufeffOferuj\u0119 r\u00f3\u017cne formy spotka\u0144, by ka\u017cdy m\u00f3g\u0142 do\u015bwiadczy\u0107 przyjemno\u015bci tworzenia i wybra\u0107 spos\u00f3b, kt\u00f3ry daje mu najwi\u0119cej rado\u015bci. Zaj\u0119cia indywidualne dla dzieci Praca z glin\u0105 to wspania\u0142a forma do rozwijania kreatywno\u015bci. Lepienie wymaga skupienia planowania, uczy dziecko dok\u0142adno\u015bci, przewidywania.To doskona\u0142e \u0107wiczenie na rozw\u00f3j motoryki ma\u0142ej, tak wa\u017cne przy nauce pisania. &nbsp;learn more Zaj\u0119cia grupowe dla&hellip; Dowiedz si\u0119 wi\u0119cej","og_url":"https:\/\/rusinowicz.studio\/index.php\/oferta\/","og_site_name":"Rusinowicz Studio","article_modified_time":"2025-10-16T09:31:22+00:00","og_image":[{"url":"http:\/\/rusinowicz.studio\/wp-content\/uploads\/2025\/10\/Untitled-design.png","type":"","width":"","height":""}],"twitter_card":"summary_large_image","twitter_misc":{"Szacowany czas czytania":"2 minuty"},"schema":{"@context":"https:\/\/schema.org","@graph":[{"@type":"WebPage","@id":"https:\/\/rusinowicz.studio\/index.php\/oferta\/","url":"https:\/\/rusinowicz.studio\/index.php\/oferta\/","name":"OFERTA - Rusinowicz Studio","isPartOf":{"@id":"https:\/\/rusinowicz.studio\/#website"},"primaryImageOfPage":{"@id":"https:\/\/rusinowicz.studio\/index.php\/oferta\/#primaryimage"},"image":{"@id":"https:\/\/rusinowicz.studio\/index.php\/oferta\/#primaryimage"},"thumbnailUrl":"http:\/\/rusinowicz.studio\/wp-content\/uploads\/2025\/10\/Untitled-design.png","datePublished":"2025-10-14T17:10:57+00:00","dateModified":"2025-10-16T09:31:22+00:00","breadcrumb":{"@id":"https:\/\/rusinowicz.studio\/index.php\/oferta\/#breadcrumb"},"inLanguage":"pl-PL","potentialAction":[{"@type":"ReadAction","target":["https:\/\/rusinowicz.studio\/index.php\/oferta\/"]}]},{"@type":"ImageObject","inLanguage":"pl-PL","@id":"https:\/\/rusinowicz.studio\/index.php\/oferta\/#primaryimage","url":"http:\/\/rusinowicz.studio\/wp-content\/uploads\/2025\/10\/Untitled-design.png","contentUrl":"http:\/\/rusinowicz.studio\/wp-content\/uploads\/2025\/10\/Untitled-design.png"},{"@type":"BreadcrumbList","@id":"https:\/\/rusinowicz.studio\/index.php\/oferta\/#breadcrumb","itemListElement":[{"@type":"ListItem","position":1,"name":"Strona g\u0142\u00f3wna","item":"https:\/\/rusinowicz.studio\/"},{"@type":"ListItem","position":2,"name":"OFERTA"}]},{"@type":"WebSite","@id":"https:\/\/rusinowicz.studio\/#website","url":"https:\/\/rusinowicz.studio\/","name":"Rusinowicz Studio","description":"Pracownia Artystyczna","publisher":{"@id":"https:\/\/rusinowicz.studio\/#organization"},"potentialAction":[{"@type":"SearchAction","target":{"@type":"EntryPoint","urlTemplate":"https:\/\/rusinowicz.studio\/?s={search_term_string}"},"query-input":{"@type":"PropertyValueSpecification","valueRequired":true,"valueName":"search_term_string"}}],"inLanguage":"pl-PL"},{"@type":"Organization","@id":"https:\/\/rusinowicz.studio\/#organization","name":"Rusinowicz Studio","url":"https:\/\/rusinowicz.studio\/","logo":{"@type":"ImageObject","inLanguage":"pl-PL","@id":"https:\/\/rusinowicz.studio\/#\/schema\/logo\/image\/","url":"https:\/\/rusinowicz.studio\/wp-content\/uploads\/2025\/10\/cropped-inline.jpg","contentUrl":"https:\/\/rusinowicz.studio\/wp-content\/uploads\/2025\/10\/cropped-inline.jpg","width":240,"height":122,"caption":"Rusinowicz Studio"},"image":{"@id":"https:\/\/rusinowicz.studio\/#\/schema\/logo\/image\/"}}]}},"_links":{"self":[{"href":"https:\/\/rusinowicz.studio\/index.php\/wp-json\/wp\/v2\/pages\/169","targetHints":{"allow":["GET"]}}],"collection":[{"href":"https:\/\/rusinowicz.studio\/index.php\/wp-json\/wp\/v2\/pages"}],"about":[{"href":"https:\/\/rusinowicz.studio\/index.php\/wp-json\/wp\/v2\/types\/page"}],"author":[{"embeddable":true,"href":"https:\/\/rusinowicz.studio\/index.php\/wp-json\/wp\/v2\/users\/1"}],"replies":[{"embeddable":true,"href":"https:\/\/rusinowicz.studio\/index.php\/wp-json\/wp\/v2\/comments?post=169"}],"version-history":[{"count":9,"href":"https:\/\/rusinowicz.studio\/index.php\/wp-json\/wp\/v2\/pages\/169\/revisions"}],"predecessor-version":[{"id":295,"href":"https:\/\/rusinowicz.studio\/index.php\/wp-json\/wp\/v2\/pages\/169\/revisions\/295"}],"wp:attachment":[{"href":"https:\/\/rusinowicz.studio\/index.php\/wp-json\/wp\/v2\/media?parent=169"}],"curies":[{"name":"wp","href":"https:\/\/api.w.org\/{rel}","templated":true}]}}